{"id":1074,"date":"2023-07-20T12:15:06","date_gmt":"2023-07-20T10:15:06","guid":{"rendered":"https:\/\/aal-affiliate-disclosure-page"},"modified":"2023-08-11T09:51:02","modified_gmt":"2023-08-11T07:51:02","slug":"declaration-affiliation","status":"publish","type":"page","link":"https:\/\/metamindedition.com\/index.php\/declaration-affiliation\/","title":{"rendered":"d\u00e9claration affiliation"},"content":{"rendered":" <p>metamindedition.com participe au Amazon Services LLC Associates Program, un programme de publicit\u00e9 affili\u00e9e con\u00e7u pour permettre aux sites de gagner des commissions en faisant de la publicit\u00e9 et en cr\u00e9ant des liens vers les sites web suivants. <\/p>\n<ul class='associates-list'>\n<li>www.amazon.fr<\/li>\n<\/ul>\n<p>Les prix et la disponibilit\u00e9 des produits sont exacts \u00e0 la date\/heure indiqu\u00e9e et sont susceptibles d'\u00eatre modifi\u00e9s. Toute information relative au prix et \u00e0 la disponibilit\u00e9 affich\u00e9e sur [le(s) site(s) Amazon concern\u00e9(s), le cas \u00e9ch\u00e9ant] au moment de l'achat s'appliquera \u00e0 l'achat de ce produit.<\/p>\n\n","protected":false},"excerpt":{"rendered":"","protected":false},"author":1,"featured_media":0,"parent":0,"menu_order":0,"comment_status":"closed","ping_status":"closed","template":"","meta":{"footnotes":""},"class_list":["post-1074","page","type-page","status-publish","hentry","has-meta has-sticky-meta"],"yoast_head":"<!-- This site is optimized with the Yoast SEO plugin v27.5 - https:\/\/yoast.com\/product\/yoast-seo-wordpress\/ -->\n<title>d\u00e9claration affiliation - MetaMind Edition | Excellence &amp; D\u00e9veloppement Personnel<\/title>\n<meta name=\"robots\" content=\"index, follow, max-snippet:-1, max-image-preview:large, max-video-preview:-1\" \/>\n<link rel=\"canonical\" href=\"https:\/\/metamindedition.com\/index.php\/declaration-affiliation\/\" \/>\n<meta property=\"og:locale\" content=\"fr_FR\" \/>\n<meta property=\"og:type\" content=\"article\" \/>\n<meta property=\"og:title\" content=\"d\u00e9claration affiliation - MetaMind Edition | Excellence &amp; D\u00e9veloppement Personnel\" \/>\n<meta property=\"og:url\" content=\"https:\/\/metamindedition.com\/index.php\/declaration-affiliation\/\" \/>\n<meta property=\"og:site_name\" content=\"MetaMind Edition | Excellence &amp; D\u00e9veloppement Personnel\" \/>\n<meta property=\"article:modified_time\" content=\"2023-08-11T07:51:02+00:00\" \/>\n<meta name=\"twitter:card\" content=\"summary_large_image\" \/>\n<meta name=\"twitter:site\" content=\"@MetaMindEdition\" \/>\n<script type=\"application\/ld+json\" class=\"yoast-schema-graph\">{\"@context\":\"https:\\\/\\\/schema.org\",\"@graph\":[{\"@type\":\"WebPage\",\"@id\":\"https:\\\/\\\/metamindedition.com\\\/index.php\\\/declaration-affiliation\\\/\",\"url\":\"https:\\\/\\\/metamindedition.com\\\/index.php\\\/declaration-affiliation\\\/\",\"name\":\"d\u00e9claration affiliation - MetaMind Edition | Excellence &amp; D\u00e9veloppement Personnel\",\"isPartOf\":{\"@id\":\"https:\\\/\\\/metamindedition.com\\\/#website\"},\"datePublished\":\"2023-07-20T10:15:06+00:00\",\"dateModified\":\"2023-08-11T07:51:02+00:00\",\"breadcrumb\":{\"@id\":\"https:\\\/\\\/metamindedition.com\\\/index.php\\\/declaration-affiliation\\\/#breadcrumb\"},\"inLanguage\":\"fr-FR\",\"potentialAction\":[{\"@type\":\"ReadAction\",\"target\":[\"https:\\\/\\\/metamindedition.com\\\/index.php\\\/declaration-affiliation\\\/\"]}]},{\"@type\":\"BreadcrumbList\",\"@id\":\"https:\\\/\\\/metamindedition.com\\\/index.php\\\/declaration-affiliation\\\/#breadcrumb\",\"itemListElement\":[{\"@type\":\"ListItem\",\"position\":1,\"name\":\"Accueil\",\"item\":\"https:\\\/\\\/metamindedition.com\\\/\"},{\"@type\":\"ListItem\",\"position\":2,\"name\":\"d\u00e9claration affiliation\"}]},{\"@type\":\"WebSite\",\"@id\":\"https:\\\/\\\/metamindedition.com\\\/#website\",\"url\":\"https:\\\/\\\/metamindedition.com\\\/\",\"name\":\"metamindedition.com\",\"description\":\"Les meilleurs livres et conseils en d\u00e9veloppement personnel pour transformer votre vie.\",\"publisher\":{\"@id\":\"https:\\\/\\\/metamindedition.com\\\/#organization\"},\"potentialAction\":[{\"@type\":\"SearchAction\",\"target\":{\"@type\":\"EntryPoint\",\"urlTemplate\":\"https:\\\/\\\/metamindedition.com\\\/?s={search_term_string}\"},\"query-input\":{\"@type\":\"PropertyValueSpecification\",\"valueRequired\":true,\"valueName\":\"search_term_string\"}}],\"inLanguage\":\"fr-FR\"},{\"@type\":\"Organization\",\"@id\":\"https:\\\/\\\/metamindedition.com\\\/#organization\",\"name\":\"MetaMind Edition\",\"url\":\"https:\\\/\\\/metamindedition.com\\\/\",\"logo\":{\"@type\":\"ImageObject\",\"inLanguage\":\"fr-FR\",\"@id\":\"https:\\\/\\\/metamindedition.com\\\/#\\\/schema\\\/logo\\\/image\\\/\",\"url\":\"https:\\\/\\\/metamindedition.com\\\/wp-content\\\/uploads\\\/2023\\\/05\\\/cropped-d15adaf0-550e-4cd1-a458-c4fb042a63fb-1.jpeg\",\"contentUrl\":\"https:\\\/\\\/metamindedition.com\\\/wp-content\\\/uploads\\\/2023\\\/05\\\/cropped-d15adaf0-550e-4cd1-a458-c4fb042a63fb-1.jpeg\",\"width\":300,\"height\":300,\"caption\":\"MetaMind Edition\"},\"image\":{\"@id\":\"https:\\\/\\\/metamindedition.com\\\/#\\\/schema\\\/logo\\\/image\\\/\"},\"sameAs\":[\"https:\\\/\\\/x.com\\\/MetaMindEdition\",\"https:\\\/\\\/www.instagram.com\\\/metamindedition\\\/\",\"https:\\\/\\\/www.pinterest.fr\\\/metamindedition\\\/\"]}]}<\/script>\n<!-- \/ Yoast SEO plugin. -->","yoast_head_json":{"title":"d\u00e9claration affiliation - MetaMind Edition | Excellence &amp; D\u00e9veloppement Personnel","robots":{"index":"index","follow":"follow","max-snippet":"max-snippet:-1","max-image-preview":"max-image-preview:large","max-video-preview":"max-video-preview:-1"},"canonical":"https:\/\/metamindedition.com\/index.php\/declaration-affiliation\/","og_locale":"fr_FR","og_type":"article","og_title":"d\u00e9claration affiliation - MetaMind Edition | Excellence &amp; D\u00e9veloppement Personnel","og_url":"https:\/\/metamindedition.com\/index.php\/declaration-affiliation\/","og_site_name":"MetaMind Edition | Excellence &amp; D\u00e9veloppement Personnel","article_modified_time":"2023-08-11T07:51:02+00:00","twitter_card":"summary_large_image","twitter_site":"@MetaMindEdition","schema":{"@context":"https:\/\/schema.org","@graph":[{"@type":"WebPage","@id":"https:\/\/metamindedition.com\/index.php\/declaration-affiliation\/","url":"https:\/\/metamindedition.com\/index.php\/declaration-affiliation\/","name":"d\u00e9claration affiliation - MetaMind Edition | Excellence &amp; D\u00e9veloppement Personnel","isPartOf":{"@id":"https:\/\/metamindedition.com\/#website"},"datePublished":"2023-07-20T10:15:06+00:00","dateModified":"2023-08-11T07:51:02+00:00","breadcrumb":{"@id":"https:\/\/metamindedition.com\/index.php\/declaration-affiliation\/#breadcrumb"},"inLanguage":"fr-FR","potentialAction":[{"@type":"ReadAction","target":["https:\/\/metamindedition.com\/index.php\/declaration-affiliation\/"]}]},{"@type":"BreadcrumbList","@id":"https:\/\/metamindedition.com\/index.php\/declaration-affiliation\/#breadcrumb","itemListElement":[{"@type":"ListItem","position":1,"name":"Accueil","item":"https:\/\/metamindedition.com\/"},{"@type":"ListItem","position":2,"name":"d\u00e9claration affiliation"}]},{"@type":"WebSite","@id":"https:\/\/metamindedition.com\/#website","url":"https:\/\/metamindedition.com\/","name":"metamindedition.com","description":"Les meilleurs livres et conseils en d\u00e9veloppement personnel pour transformer votre vie.","publisher":{"@id":"https:\/\/metamindedition.com\/#organization"},"potentialAction":[{"@type":"SearchAction","target":{"@type":"EntryPoint","urlTemplate":"https:\/\/metamindedition.com\/?s={search_term_string}"},"query-input":{"@type":"PropertyValueSpecification","valueRequired":true,"valueName":"search_term_string"}}],"inLanguage":"fr-FR"},{"@type":"Organization","@id":"https:\/\/metamindedition.com\/#organization","name":"MetaMind Edition","url":"https:\/\/metamindedition.com\/","logo":{"@type":"ImageObject","inLanguage":"fr-FR","@id":"https:\/\/metamindedition.com\/#\/schema\/logo\/image\/","url":"https:\/\/metamindedition.com\/wp-content\/uploads\/2023\/05\/cropped-d15adaf0-550e-4cd1-a458-c4fb042a63fb-1.jpeg","contentUrl":"https:\/\/metamindedition.com\/wp-content\/uploads\/2023\/05\/cropped-d15adaf0-550e-4cd1-a458-c4fb042a63fb-1.jpeg","width":300,"height":300,"caption":"MetaMind Edition"},"image":{"@id":"https:\/\/metamindedition.com\/#\/schema\/logo\/image\/"},"sameAs":["https:\/\/x.com\/MetaMindEdition","https:\/\/www.instagram.com\/metamindedition\/","https:\/\/www.pinterest.fr\/metamindedition\/"]}]}},"_links":{"self":[{"href":"https:\/\/metamindedition.com\/index.php\/wp-json\/wp\/v2\/pages\/1074","targetHints":{"allow":["GET"]}}],"collection":[{"href":"https:\/\/metamindedition.com\/index.php\/wp-json\/wp\/v2\/pages"}],"about":[{"href":"https:\/\/metamindedition.com\/index.php\/wp-json\/wp\/v2\/types\/page"}],"author":[{"embeddable":true,"href":"https:\/\/metamindedition.com\/index.php\/wp-json\/wp\/v2\/users\/1"}],"replies":[{"embeddable":true,"href":"https:\/\/metamindedition.com\/index.php\/wp-json\/wp\/v2\/comments?post=1074"}],"version-history":[{"count":3,"href":"https:\/\/metamindedition.com\/index.php\/wp-json\/wp\/v2\/pages\/1074\/revisions"}],"predecessor-version":[{"id":1459,"href":"https:\/\/metamindedition.com\/index.php\/wp-json\/wp\/v2\/pages\/1074\/revisions\/1459"}],"wp:attachment":[{"href":"https:\/\/metamindedition.com\/index.php\/wp-json\/wp\/v2\/media?parent=1074"}],"curies":[{"name":"wp","href":"https:\/\/api.w.org\/{rel}","templated":true}]}}