{"id":181,"date":"2020-05-07T07:10:07","date_gmt":"2020-05-07T05:10:07","guid":{"rendered":"https:\/\/metamindedition.com\/index.php\/home\/"},"modified":"2023-09-18T09:33:12","modified_gmt":"2023-09-18T07:33:12","slug":"newsletter","status":"publish","type":"page","link":"https:\/\/metamindedition.com\/index.php\/newsletter\/","title":{"rendered":"Newsletter"},"content":{"rendered":"<br \/>\n<h2>TRANSFORMEZ VOTRE VIE D\u00c8S AUJOURD&rsquo;HUI ET DEVENIR LA MEILLEURE \u00c9DITION DE VOUS-M\u00caME !<\/h2>\n<p>\t\t\t\t\t\t\t\t\t\t\t\t\t\t\t<img decoding=\"async\" width=\"400\" height=\"300\" src=\"http:\/\/metamindedition.com\/wp-content\/uploads\/2023\/07\/inspiration-1514296_1280.jpg\" alt=\"\" loading=\"lazy\" srcset=\"https:\/\/metamindedition.com\/wp-content\/uploads\/2023\/07\/inspiration-1514296_1280.jpg 400w, https:\/\/metamindedition.com\/wp-content\/uploads\/2023\/07\/inspiration-1514296_1280-300x225.jpg 300w\" sizes=\"auto, (max-width: 400px) 100vw, 400px\" \/><br \/>\n\t\t[sibwp_form id=1]<\/p>\n","protected":false},"excerpt":{"rendered":"<p>TRANSFORMEZ VOTRE VIE D\u00c8S AUJOURD&rsquo;HUI ET DEVENIR LA MEILLEURE \u00c9DITION DE VOUS-M\u00caME ! [sibwp_form id=1]<\/p>\n","protected":false},"author":1,"featured_media":0,"parent":0,"menu_order":0,"comment_status":"closed","ping_status":"closed","template":"","meta":{"footnotes":""},"class_list":["post-181","page","type-page","status-publish","hentry","entry"],"_links":{"self":[{"href":"https:\/\/metamindedition.com\/index.php\/wp-json\/wp\/v2\/pages\/181","targetHints":{"allow":["GET"]}}],"collection":[{"href":"https:\/\/metamindedition.com\/index.php\/wp-json\/wp\/v2\/pages"}],"about":[{"href":"https:\/\/metamindedition.com\/index.php\/wp-json\/wp\/v2\/types\/page"}],"author":[{"embeddable":true,"href":"https:\/\/metamindedition.com\/index.php\/wp-json\/wp\/v2\/users\/1"}],"replies":[{"embeddable":true,"href":"https:\/\/metamindedition.com\/index.php\/wp-json\/wp\/v2\/comments?post=181"}],"version-history":[{"count":124,"href":"https:\/\/metamindedition.com\/index.php\/wp-json\/wp\/v2\/pages\/181\/revisions"}],"predecessor-version":[{"id":1827,"href":"https:\/\/metamindedition.com\/index.php\/wp-json\/wp\/v2\/pages\/181\/revisions\/1827"}],"wp:attachment":[{"href":"https:\/\/metamindedition.com\/index.php\/wp-json\/wp\/v2\/media?parent=181"}],"curies":[{"name":"wp","href":"https:\/\/api.w.org\/{rel}","templated":true}]}}