{"id":182,"date":"2020-05-07T07:10:55","date_gmt":"2020-05-07T07:10:55","guid":{"rendered":"https:\/\/metamindedition.com\/index.php\/about\/"},"modified":"2023-09-18T09:54:40","modified_gmt":"2023-09-18T07:54:40","slug":"about","status":"publish","type":"page","link":"https:\/\/metamindedition.com\/index.php\/about\/","title":{"rendered":"A propos de nous"},"content":{"rendered":"<h3>A propos de nous<\/h3>\n<h4><b>MetaMind Edition &#8211; Osez la m\u00e9tamorphose int\u00e9rieure !<\/b><\/h4>\n<p>D\u00e9couvrez l&rsquo;univers captivant de MetaMind Edition, une maison d&rsquo;\u00e9dition r\u00e9volutionnaire fond\u00e9e par un collectif d&rsquo;auteurs passionn\u00e9s par le d\u00e9veloppement personnel, la PNL et l&rsquo;estime de soi. Notre mission est de vous accompagner sur votre chemin de croissance personnelle, en harmonisant votre esprit et en vous offrant des ouvrages inspirants.<\/p>\n<p>Derri\u00e8re nos livres captivants se cache une \u00e9quipe d&rsquo;\u00e9crivains visionnaires, motiv\u00e9s par le <strong>d\u00e9sir profond de partager des connaissances<\/strong> qui transforment des vies. Nous vous proposons une s\u00e9lection de livres inspirants et pratiques con\u00e7us pour vous guider vers l&rsquo;\u00e9panouissement int\u00e9rieur.<\/p>\n<p>Explorez nos pages pour <strong>d\u00e9couvrir des tr\u00e9sors de sagesse et des strat\u00e9gies \u00e9prouv\u00e9es pour atteindre l&rsquo;\u00e9panouissement<\/strong> personnel. Que vous souhaitiez renforcer votre estime de soi, ma\u00eetriser les rouages de la PNL ou trouver un \u00e9quilibre harmonieux entre votre bien-\u00eatre mental et votre r\u00e9ussite, nos livres sont l\u00e0 pour vous.<\/p>\n<p>MetaMind Edition est l\u00e0 pour vous accompagner sur <strong>le chemin de la r\u00e9ussite personnelle<\/strong>. Laissez-vous guider par notre expertise et notre passion pour le d\u00e9veloppement personnel.<\/p>\n<p><strong>Rejoignez notre communaut\u00e9 de lecteurs<\/strong> avides de changement et embarquez dans un voyage transformationnel \u00e0 travers les pages de nos livres. Avec MetaMind Edition, vous avez le pouvoir de cr\u00e9er une vie \u00e9panouissante, o\u00f9 le bien-\u00eatre et la prosp\u00e9rit\u00e9 vont de pair.<\/p>\n<p><strong>La m\u00e9tamorphose int\u00e9rieure vous attend<\/strong>. Osez franchir le pas avec MetaMind Edition, votre partenaire vers le succ\u00e8s et le bonheur durable.<\/p>\n<p>\t\t\t\t\t\t\t\t\t\t\t\t\t\t\t<img decoding=\"async\" width=\"300\" height=\"207\" src=\"http:\/\/metamindedition.com\/wp-content\/uploads\/2023\/05\/meditation-spiritual-yoga-1384758.jpg\" alt=\"meditation, spiritual, yoga-1384758.jpg\" loading=\"lazy\" srcset=\"https:\/\/metamindedition.com\/wp-content\/uploads\/2023\/05\/meditation-spiritual-yoga-1384758.jpg 300w, https:\/\/metamindedition.com\/wp-content\/uploads\/2023\/05\/meditation-spiritual-yoga-1384758-1024x706.jpg 1024w, https:\/\/metamindedition.com\/wp-content\/uploads\/2023\/05\/meditation-spiritual-yoga-1384758-768x529.jpg 768w\" sizes=\"auto, (max-width: 300px) 100vw, 300px\" \/><\/p>\n","protected":false},"excerpt":{"rendered":"<p>A propos de nous MetaMind Edition &#8211; Osez la m\u00e9tamorphose int\u00e9rieure ! D\u00e9couvrez l&rsquo;univers captivant de MetaMind Edition, une maison d&rsquo;\u00e9dition r\u00e9volutionnaire fond\u00e9e par un collectif d&rsquo;auteurs passionn\u00e9s par le d\u00e9veloppement personnel, la PNL et l&rsquo;estime de soi. Notre mission est de vous accompagner sur votre chemin de croissance personnelle, en harmonisant votre esprit et&hellip; <a class=\"more-link\" href=\"https:\/\/metamindedition.com\/index.php\/about\/\">Poursuivre la lecture <span class=\"screen-reader-text\">A propos de nous<\/span><\/a><\/p>\n","protected":false},"author":1,"featured_media":0,"parent":0,"menu_order":0,"comment_status":"closed","ping_status":"closed","template":"","meta":{"footnotes":""},"class_list":["post-182","page","type-page","status-publish","hentry","entry"],"_links":{"self":[{"href":"https:\/\/metamindedition.com\/index.php\/wp-json\/wp\/v2\/pages\/182","targetHints":{"allow":["GET"]}}],"collection":[{"href":"https:\/\/metamindedition.com\/index.php\/wp-json\/wp\/v2\/pages"}],"about":[{"href":"https:\/\/metamindedition.com\/index.php\/wp-json\/wp\/v2\/types\/page"}],"author":[{"embeddable":true,"href":"https:\/\/metamindedition.com\/index.php\/wp-json\/wp\/v2\/users\/1"}],"replies":[{"embeddable":true,"href":"https:\/\/metamindedition.com\/index.php\/wp-json\/wp\/v2\/comments?post=182"}],"version-history":[{"count":25,"href":"https:\/\/metamindedition.com\/index.php\/wp-json\/wp\/v2\/pages\/182\/revisions"}],"predecessor-version":[{"id":1843,"href":"https:\/\/metamindedition.com\/index.php\/wp-json\/wp\/v2\/pages\/182\/revisions\/1843"}],"wp:attachment":[{"href":"https:\/\/metamindedition.com\/index.php\/wp-json\/wp\/v2\/media?parent=182"}],"curies":[{"name":"wp","href":"https:\/\/api.w.org\/{rel}","templated":true}]}}