{"id":183,"date":"2020-05-07T07:12:01","date_gmt":"2020-05-07T05:12:01","guid":{"rendered":"https:\/\/metamindedition.com\/index.php\/e-books\/"},"modified":"2023-10-15T17:32:40","modified_gmt":"2023-10-15T15:32:40","slug":"noslivresdeveloppementpersonnel","status":"publish","type":"page","link":"https:\/\/metamindedition.com\/","title":{"rendered":"livres de d\u00e9veloppement personnel"},"content":{"rendered":"<p style=\"text-align: center;\"><b>Pr\u00eat \u00e0 transformer votre vie ? \ud83d\ude80<\/b><\/p>\n<p style=\"text-align: center;\">N<i>os livres sont bien plus que des mots sur des pages. Ils sont des guides vers le succ\u00e8s, le bien-\u00eatre et l&rsquo;\u00e9panouissement. Chaque chapitre est une opportunit\u00e9 de devenir la meilleure version de vous-m\u00eame.<\/i><\/p>\n<p style=\"text-align: center;\"><i>N&rsquo;attendez pas ! Plongez dans nos pages d\u00e8s maintenant et faites de votre vie une histoire de r\u00e9ussite et d&rsquo;accomplissement. Chaque livre est une \u00e9tape de ce voyage passionnant.<\/i><\/p>\n<p style=\"text-align: center;\"><strong>D\u00e9couvrez nos livres d\u00e8s aujourd&rsquo;hui et commencez votre propre m\u00e9tamorphose int\u00e9rieure vers un avenir radieux !<\/strong> \ud83d\udcab\ud83d\udcda<\/p>\n<p>\t\t\t\t\t\t\t\t\t\t\t\t\t\t\t\t<a href=\"https:\/\/amzn.to\/3IwlikP\" target=\"_blank\" rel=\"noopener\"><br \/>\n\t\t\t\t\t\t\t<img decoding=\"async\" width=\"188\" height=\"300\" src=\"http:\/\/metamindedition.com\/wp-content\/uploads\/2023\/07\/couverture.jpg\" alt=\"\" loading=\"lazy\" \/>\t\t\t\t\t\t\t\t<\/a><\/p>\n<h5><b>Tout comprendre \u00e0 la PNL<\/b><\/h5>\n<p style=\"text-align: center;\">D\u00e9couvrez comment la PNL peut changer votre vie !<\/p>\n<p>\t\t\t<a href=\"https:\/\/amzn.to\/3IwlikP\" target=\"_blank\" rel=\"noopener\"><br \/>\n\t\t\t\t\t\tEn savoir plus<br \/>\n\t\t\t\t\t<\/a><br \/>\n\t\t\t\t\t\t\t\t\t\t\t\t\t\t\t\t<a href=\"https:\/\/amzn.to\/3Wq892C\" target=\"_blank\" rel=\"noopener\"><br \/>\n\t\t\t\t\t\t\t<img decoding=\"async\" width=\"200\" height=\"300\" src=\"http:\/\/metamindedition.com\/wp-content\/uploads\/2023\/09\/Couverture_Nathan_COMMENT-ANALYSER-LES-GENS_Kindle.jpg\" alt=\"\" loading=\"lazy\" \/>\t\t\t\t\t\t\t\t<\/a><\/p>\n<h5><b>Comment analyser <\/b><br \/><b>les gens<\/b><\/h5>\n<p style=\"text-align: center;\">Apprendre \u00e0 d\u00e9jouer la manipulation et la psychologie noire<\/p>\n<p>\t\t\t<a href=\"https:\/\/amzn.to\/3Wq892C\" target=\"_blank\" rel=\"noopener\"><br \/>\n\t\t\t\t\t\tEn savoir plus<br \/>\n\t\t\t\t\t<\/a><br \/>\n\t\t\t\t\t\t\t\t\t\t\t\t\t\t\t\t<a href=\"https:\/\/amzn.to\/3q1St9P\" target=\"_blank\" rel=\"noopener\"><br \/>\n\t\t\t\t\t\t\t<img decoding=\"async\" width=\"200\" height=\"300\" src=\"http:\/\/metamindedition.com\/wp-content\/uploads\/2023\/09\/Couverture_Nathan_COMMENT-ARRETER-DE-PENSER_kindle.jpg\" alt=\"\" loading=\"lazy\" \/>\t\t\t\t\t\t\t\t<\/a><\/p>\n<h5><b>Comment arr\u00eater<\/b><br \/><b> de penser<\/b><\/h5>\n<p style=\"text-align: center;\">R\u00e9duire les pens\u00e9es n\u00e9gatives, le pi\u00e8ge de l&rsquo;overthinking<\/p>\n<p>\t\t\t<a href=\"https:\/\/amzn.to\/3q1St9P\" target=\"_blank\" rel=\"noopener\"><br \/>\n\t\t\t\t\t\tEn savoir plus<br \/>\n\t\t\t\t\t<\/a><br \/>\n\t\t\t\t\t\t\t\t\t\t\t\t\t\t\t\t<a href=\"https:\/\/amzn.to\/3WPFQLg\" target=\"_blank\" rel=\"noopener\"><br \/>\n\t\t\t\t\t\t\t<img decoding=\"async\" width=\"200\" height=\"300\" src=\"http:\/\/metamindedition.com\/wp-content\/uploads\/2023\/09\/Couverture_Nathan_COMMENT-ETRE-UN-LEADER_kindle.jpg\" alt=\"\" loading=\"lazy\" \/>\t\t\t\t\t\t\t\t<\/a><\/p>\n<h5><b>Comment \u00eatre<\/b><br \/><b> un leader<\/b><\/h5>\n<p style=\"text-align: center;\"> Les secrets du bon management, leadership, gestion des \u00e9quipes<\/p>\n<p>\t\t\t<a href=\"https:\/\/amzn.to\/3MMi8uG\" target=\"_blank\" rel=\"noopener\"><br \/>\n\t\t\t\t\t\tEn savoir plus<br \/>\n\t\t\t\t\t<\/a><br \/>\n\t\t\t\t\t\t\t\t\t\t\t\t\t\t\t\t<a href=\"https:\/\/amzn.to\/3CMIUP6\" target=\"_blank\" rel=\"noopener\"><br \/>\n\t\t\t\t\t\t\t<img decoding=\"async\" width=\"200\" height=\"300\" src=\"http:\/\/metamindedition.com\/wp-content\/uploads\/2023\/09\/Couverture_Nathan_COMMENT_MAITRISER_SA_COLERE_kindle.jpg\" alt=\"\" loading=\"lazy\" \/>\t\t\t\t\t\t\t\t<\/a><\/p>\n<h5><b>Comment maitriser sa col\u00e8re<\/b><\/h5>\n<p style=\"text-align: center;\">Le guide complet pour maitriser, comprendre et canaliser sa col\u00e8re<\/p>\n<p>\t\t\t<a href=\"https:\/\/amzn.to\/3CMIUP6\" target=\"_blank\" rel=\"noopener\"><br \/>\n\t\t\t\t\t\tEn savoir plus<br \/>\n\t\t\t\t\t<\/a><br \/>\n\t\t\t\t\t\t\t\t\t\t\t\t\t\t\t\t<a href=\"https:\/\/amzn.to\/3JZFBYM\" target=\"_blank\" rel=\"noopener\"><br \/>\n\t\t\t\t\t\t\t<img decoding=\"async\" width=\"200\" height=\"300\" src=\"http:\/\/metamindedition.com\/wp-content\/uploads\/2023\/09\/Couverture_Nathan_LART-DE-LINNOVATION_Kindle.jpg\" alt=\"\" loading=\"lazy\" \/>\t\t\t\t\t\t\t\t<\/a><\/p>\n<h5><b>L&rsquo;art de <\/b><br \/><b>l&rsquo;innovation<\/b><\/h5>\n<p style=\"text-align: center;\">Lib\u00e9rez votre cr\u00e9ativit\u00e9 : Comment stimuler sa cr\u00e9ativit\u00e9, cultiver son esprit<\/p>\n<p>\t\t\t<a href=\"https:\/\/amzn.to\/3JZFBYM\" target=\"_blank\" rel=\"noopener\"><br \/>\n\t\t\t\t\t\tEn savoir plus<br \/>\n\t\t\t\t\t<\/a><br \/>\n\t\t\t\t\t\t\t\t\t\t\t\t\t\t\t\t<a href=\"https:\/\/amzn.to\/3Dzab7V\" target=\"_blank\" rel=\"noopener\"><br \/>\n\t\t\t\t\t\t\t<img decoding=\"async\" width=\"200\" height=\"300\" src=\"http:\/\/metamindedition.com\/wp-content\/uploads\/2023\/09\/Couverture_Nathan_La-Resilience-et-LAdaptabilite_Kindle.jpg\" alt=\"\" loading=\"lazy\" \/>\t\t\t\t\t\t\t\t<\/a><\/p>\n<h5><b>La r\u00e9silience et l&rsquo;adaptabilit\u00e9<\/b><\/h5>\n<p style=\"text-align: center;\">Affronter, rebondir, s&rsquo;adapter : D\u00e9velopper un mental indestructible<\/p>\n<p>\t\t\t<a href=\"https:\/\/amzn.to\/3Dzab7V\" target=\"_blank\" rel=\"noopener\"><br \/>\n\t\t\t\t\t\tEn savoir plus<br \/>\n\t\t\t\t\t<\/a><br \/>\n\t\t\t\t\t\t\t\t\t\t\t\t\t\t\t\t<a href=\"https:\/\/amzn.to\/457tHnx\" target=\"_blank\" rel=\"noopener\"><br \/>\n\t\t\t\t\t\t\t<img decoding=\"async\" width=\"200\" height=\"300\" src=\"http:\/\/metamindedition.com\/wp-content\/uploads\/2023\/09\/Couverture-ebook.jpg\" alt=\"\" loading=\"lazy\" \/>\t\t\t\t\t\t\t\t<\/a><\/p>\n<h5><b>Attirer l&rsquo;abondance<br \/>\n<\/b><br \/>\n<\/h5>\n<p style=\"text-align: center;\">D\u00e9couvrez le chemin vers une vie d&rsquo;abondance sous toutes ses formes<\/p>\n<p>\t\t\t<a href=\"https:\/\/amzn.to\/457tHnx\" target=\"_blank\" rel=\"noopener\"><br \/>\n\t\t\t\t\t\tEn savoir plus<br \/>\n\t\t\t\t\t<\/a><\/p>\n","protected":false},"excerpt":{"rendered":"<p>Pr\u00eat \u00e0 transformer votre vie ? \ud83d\ude80 Nos livres sont bien plus que des mots sur des pages. Ils sont des guides vers le succ\u00e8s, le bien-\u00eatre et l&rsquo;\u00e9panouissement. Chaque chapitre est une opportunit\u00e9 de devenir la meilleure version de vous-m\u00eame. N&rsquo;attendez pas ! Plongez dans nos pages d\u00e8s maintenant et faites de votre vie&hellip; <a class=\"more-link\" href=\"https:\/\/metamindedition.com\/\">Poursuivre la lecture <span class=\"screen-reader-text\">livres de d\u00e9veloppement personnel<\/span><\/a><\/p>\n","protected":false},"author":1,"featured_media":0,"parent":0,"menu_order":0,"comment_status":"closed","ping_status":"closed","template":"","meta":{"footnotes":""},"class_list":["post-183","page","type-page","status-publish","hentry","entry"],"_links":{"self":[{"href":"https:\/\/metamindedition.com\/index.php\/wp-json\/wp\/v2\/pages\/183","targetHints":{"allow":["GET"]}}],"collection":[{"href":"https:\/\/metamindedition.com\/index.php\/wp-json\/wp\/v2\/pages"}],"about":[{"href":"https:\/\/metamindedition.com\/index.php\/wp-json\/wp\/v2\/types\/page"}],"author":[{"embeddable":true,"href":"https:\/\/metamindedition.com\/index.php\/wp-json\/wp\/v2\/users\/1"}],"replies":[{"embeddable":true,"href":"https:\/\/metamindedition.com\/index.php\/wp-json\/wp\/v2\/comments?post=183"}],"version-history":[{"count":155,"href":"https:\/\/metamindedition.com\/index.php\/wp-json\/wp\/v2\/pages\/183\/revisions"}],"predecessor-version":[{"id":2065,"href":"https:\/\/metamindedition.com\/index.php\/wp-json\/wp\/v2\/pages\/183\/revisions\/2065"}],"wp:attachment":[{"href":"https:\/\/metamindedition.com\/index.php\/wp-json\/wp\/v2\/media?parent=183"}],"curies":[{"name":"wp","href":"https:\/\/api.w.org\/{rel}","templated":true}]}}